{"id":10,"date":"2017-08-04T18:29:54","date_gmt":"2017-08-04T18:29:54","guid":{"rendered":"https:\/\/stanislavstratiev.org\/library\/?page_id=10"},"modified":"2019-11-12T22:54:11","modified_gmt":"2019-11-12T22:54:11","slug":"%d0%a2%d0%b5%d0%ba%d1%81%d1%82%d0%be%d0%b2%d0%b5-%d0%be%d1%82-%d1%80%d0%b0%d0%b7%d0%bb%d0%b8%d1%87%d0%bd%d0%b8-%d0%b3%d0%be%d0%b4%d0%b8%d0%bd%d0%b8","status":"publish","type":"page","link":"https:\/\/stanislavstratiev.org\/library\/","title":{"rendered":"WordPress"},"content":{"rendered":"<h3><a href=\"https:\/\/stanislavstratiev.org\/library\/?page_id=193\">\u0411\u044a\u043b\u0433\u0430\u0440\u0441\u043a\u0438<\/a><br \/>\n<a href=\"https:\/\/stanislavstratiev.org\/library\/?page_id=793\">\u010ce\u0161tina<\/a><br \/>\n<a href=\"https:\/\/stanislavstratiev.org\/library\/?page_id=225\">Deutsch<\/a><br \/>\n<a href=\"https:\/\/stanislavstratiev.org\/library\/?page_id=209\">English<\/a><br \/>\n<a href=\"https:\/\/stanislavstratiev.org\/library\/?page_id=187\">Fran\u00e7ais<\/a><br \/>\n<a href=\"https:\/\/stanislavstratiev.org\/library\/?page_id=333\">Latvie\u0161u<\/a><br \/>\n<a href=\"https:\/\/stanislavstratiev.org\/library\/?page_id=708\">Lietuvi\u0173<\/a><br \/>\n<a href=\"https:\/\/stanislavstratiev.org\/library\/?page_id=184\">Magyar<\/a><br \/>\n<a href=\"https:\/\/stanislavstratiev.org\/library\/?page_id=458\">O\u02bbzbek<\/a><br \/>\n<a href=\"https:\/\/stanislavstratiev.org\/library\/?page_id=368\">Polski<\/a><br \/>\n<a href=\"https:\/\/stanislavstratiev.org\/library\/?page_id=445\">Rom\u00e2n\u0103<\/a><br \/>\n<a href=\"https:\/\/stanislavstratiev.org\/library\/?page_id=267\">Shqip<\/a><br \/>\n<a href=\"https:\/\/stanislavstratiev.org\/library\/?page_id=346\">Sloven\u010dina<\/a><br \/>\n<a href=\"https:\/\/stanislavstratiev.org\/library\/?page_id=294\">Sloven\u0161\u010dina<\/a><br \/>\n<a href=\"https:\/\/stanislavstratiev.org\/library\/?page_id=473\">Svenska<\/a><br \/>\n<a href=\"https:\/\/stanislavstratiev.org\/library\/?page_id=181\">Ti\u00ea\u0301ng Vi\u1ec7t<\/a><br \/>\n<a href=\"https:\/\/stanislavstratiev.org\/library\/?page_id=575\">\u0395\u03bb\u03bb\u03b7\u03bd\u03b9\u03ba\u03ac<\/a><br \/>\n<a href=\"https:\/\/stanislavstratiev.org\/library\/?page_id=307\">\u0411\u0435\u043b\u0430\u0440\u0443\u0441\u043a\u0430\u044f<\/a><br \/>\n<a href=\"https:\/\/stanislavstratiev.org\/library\/?page_id=190\">\u041c\u043e\u043d\u0433\u043e\u043b<\/a><br \/>\n<a href=\"https:\/\/stanislavstratiev.org\/library\/?page_id=172\">\u0420\u0443\u0441\u0441\u043a\u0438\u0439<\/a><br \/>\n<a href=\"https:\/\/stanislavstratiev.org\/library\/?page_id=175\">\u0421\u0440\u043f\u0441\u043a\u0438<\/a><br \/>\n<a href=\"https:\/\/stanislavstratiev.org\/library\/?page_id=233\">\u0423\u043a\u0440\u0430\u0457\u043d\u0441\u044c\u043a\u0430<\/a><br \/>\n<a href=\"https:\/\/stanislavstratiev.org\/library\/?page_id=408\">\u0540\u0561\u0575\u0565\u0580\u0565\u0576<\/a><br \/>\n&#8230;<\/h3>\n","protected":false},"excerpt":{"rendered":"<p>\u0411\u044a\u043b\u0433\u0430\u0440\u0441\u043a\u0438 \u010ce\u0161tina Deutsch English Fran\u00e7ais Latvie\u0161u Lietuvi\u0173 Magyar O\u02bbzbek Polski Rom\u00e2n\u0103 Shqip Sloven\u010dina Sloven\u0161\u010dina Svenska Ti\u00ea\u0301ng Vi\u1ec7t \u0395\u03bb\u03bb\u03b7\u03bd\u03b9\u03ba\u03ac \u0411\u0435\u043b\u0430\u0440\u0443\u0441\u043a\u0430\u044f \u041c\u043e\u043d\u0433\u043e\u043b \u0420\u0443\u0441\u0441\u043a\u0438\u0439 \u0421\u0440\u043f\u0441\u043a\u0438 \u0423\u043a\u0440\u0430\u0457\u043d\u0441\u044c\u043a\u0430 \u0540\u0561\u0575\u0565\u0580\u0565\u0576 &#8230;<\/p>\n","protected":false},"author":2,"featured_media":0,"parent":0,"menu_order":0,"comment_status":"closed","ping_status":"closed","template":"","meta":{"footnotes":""},"class_list":["post-10","page","type-page","status-publish","hentry"],"_links":{"self":[{"href":"https:\/\/stanislavstratiev.org\/library\/index.php?rest_route=\/wp\/v2\/pages\/10","targetHints":{"allow":["GET"]}}],"collection":[{"href":"https:\/\/stanislavstratiev.org\/library\/index.php?rest_route=\/wp\/v2\/pages"}],"about":[{"href":"https:\/\/stanislavstratiev.org\/library\/index.php?rest_route=\/wp\/v2\/types\/page"}],"author":[{"embeddable":true,"href":"https:\/\/stanislavstratiev.org\/library\/index.php?rest_route=\/wp\/v2\/users\/2"}],"replies":[{"embeddable":true,"href":"https:\/\/stanislavstratiev.org\/library\/index.php?rest_route=%2Fwp%2Fv2%2Fcomments&post=10"}],"version-history":[{"count":9,"href":"https:\/\/stanislavstratiev.org\/library\/index.php?rest_route=\/wp\/v2\/pages\/10\/revisions"}],"predecessor-version":[{"id":801,"href":"https:\/\/stanislavstratiev.org\/library\/index.php?rest_route=\/wp\/v2\/pages\/10\/revisions\/801"}],"wp:attachment":[{"href":"https:\/\/stanislavstratiev.org\/library\/index.php?rest_route=%2Fwp%2Fv2%2Fmedia&parent=10"}],"curies":[{"name":"wp","href":"https:\/\/api.w.org\/{rel}","templated":true}]}}