{"id":184,"date":"2017-11-26T10:52:28","date_gmt":"2017-11-26T10:52:28","guid":{"rendered":"https:\/\/stanislavstratiev.org\/library\/?page_id=184"},"modified":"2019-11-10T05:04:00","modified_gmt":"2019-11-10T05:04:00","slug":"magyar","status":"publish","type":"page","link":"https:\/\/stanislavstratiev.org\/library\/?page_id=184","title":{"rendered":"Magyar"},"content":{"rendered":"<h3><a href=\"https:\/\/stanislavstratiev.org\/library\/?page_id=389\">A piros sz\u00edv\u0171 cseresznyefa<\/a><br \/>\n<a href=\"https:\/\/stanislavstratiev.org\/library\/?page_id=391\">A Biscayne-\u00f6b\u00f6l kapit\u00e1nya<\/a><br \/>\n<a href=\"https:\/\/stanislavstratiev.org\/library\/?page_id=772\">Cseresznyetolvajok<\/a><br \/>\n<a href=\"https:\/\/stanislavstratiev.org\/library\/?page_id=244\">Utaz\u00e1s b\u0151r\u00f6nd n\u00e9lk\u00fcl<\/a><br \/>\n<a href=\"https:\/\/stanislavstratiev.org\/library\/?page_id=769\">Az atomkorszak mes\u00e9i<\/a><br \/>\n<a href=\"https:\/\/stanislavstratiev.org\/library\/?page_id=776\">Kapav\u00e1g\u00e1s<\/a><br \/>\n<a href=\"https:\/\/stanislavstratiev.org\/library\/?page_id=97\">Sz\u00f6gletes essz\u00e9<\/a><br \/>\n&#8230;<\/h3>\n","protected":false},"excerpt":{"rendered":"<p>A piros sz\u00edv\u0171 cseresznyefa A Biscayne-\u00f6b\u00f6l kapit\u00e1nya Cseresznyetolvajok Utaz\u00e1s b\u0151r\u00f6nd n\u00e9lk\u00fcl Az atomkorszak mes\u00e9i Kapav\u00e1g\u00e1s Sz\u00f6gletes essz\u00e9 &#8230;<\/p>\n","protected":false},"author":2,"featured_media":0,"parent":10,"menu_order":0,"comment_status":"closed","ping_status":"closed","template":"","meta":{"footnotes":""},"class_list":["post-184","page","type-page","status-publish","hentry"],"_links":{"self":[{"href":"https:\/\/stanislavstratiev.org\/library\/index.php?rest_route=\/wp\/v2\/pages\/184","targetHints":{"allow":["GET"]}}],"collection":[{"href":"https:\/\/stanislavstratiev.org\/library\/index.php?rest_route=\/wp\/v2\/pages"}],"about":[{"href":"https:\/\/stanislavstratiev.org\/library\/index.php?rest_route=\/wp\/v2\/types\/page"}],"author":[{"embeddable":true,"href":"https:\/\/stanislavstratiev.org\/library\/index.php?rest_route=\/wp\/v2\/users\/2"}],"replies":[{"embeddable":true,"href":"https:\/\/stanislavstratiev.org\/library\/index.php?rest_route=%2Fwp%2Fv2%2Fcomments&post=184"}],"version-history":[{"count":7,"href":"https:\/\/stanislavstratiev.org\/library\/index.php?rest_route=\/wp\/v2\/pages\/184\/revisions"}],"predecessor-version":[{"id":779,"href":"https:\/\/stanislavstratiev.org\/library\/index.php?rest_route=\/wp\/v2\/pages\/184\/revisions\/779"}],"up":[{"embeddable":true,"href":"https:\/\/stanislavstratiev.org\/library\/index.php?rest_route=\/wp\/v2\/pages\/10"}],"wp:attachment":[{"href":"https:\/\/stanislavstratiev.org\/library\/index.php?rest_route=%2Fwp%2Fv2%2Fmedia&parent=184"}],"curies":[{"name":"wp","href":"https:\/\/api.w.org\/{rel}","templated":true}]}}