{"id":776,"date":"2019-11-10T04:55:06","date_gmt":"2019-11-10T04:55:06","guid":{"rendered":"https:\/\/stanislavstratiev.org\/library\/?page_id=776"},"modified":"2019-11-10T04:55:06","modified_gmt":"2019-11-10T04:55:06","slug":"kapavagas","status":"publish","type":"page","link":"https:\/\/stanislavstratiev.org\/library\/?page_id=776","title":{"rendered":"Kapav\u00e1g\u00e1s"},"content":{"rendered":"\n<p>A zene elhallgatott, \u00e9s felcs\u00f6r\u00f6mp\u00f6lt az\nexkav\u00e1tor.<\/p>\n\n\n\n<p>Mindenki tapsolt.<\/p>\n\n\n\n<p>K\u00e9t, n\u00e9pviseletbe \u00f6lt\u00f6z\u00f6tt l\u00e1ny ez\u00fcst ed\u00e9nyb\u0151l\nvizet locsolt a f\u00f6ldre, hogy az \u00e9p\u00edtkez\u00e9s \u00fagy menjen, mint a karikacsap\u00e1s \u2013 \u00e9s\nmin\u00e9l hamar\u00e1bb befejez\u0151dj\u00e9k.<\/p>\n\n\n\n<p>A k\u00f6nyvt\u00e1r \u201eVil\u00e1goss\u00e1g\u201d m\u0171kedvel\u0151 egy\u00fcttese\nn\u00e9pdalokat \u00e9nekelt \u00e9s n\u00e9pi t\u00e1ncokat lejtett.<\/p>\n\n\n\n<p>Az \u00e9p\u00edtkez\u00e9s vezet\u0151je ismertette a\nfelaj\u00e1nl\u00e1st: hat\u00e1rid\u0151 el\u0151tt \u00fczembe helyezik az objektumot.<\/p>\n\n\n\n<p>Mindenki tapsolt.<\/p>\n\n\n\n<p>Amikor a taps elcsitult, egy hivatalos szem\u00e9ly\nl\u00e9pett el\u0151. A n\u00e9pviseletbe \u00f6lt\u00f6z\u00f6tt l\u00e1nyok kap\u00e1t ny\u00fajtottak \u00e1t.<\/p>\n\n\n\n<p>A hivatalos szem\u00e9ly a tenyer\u00e9be k\u00f6p\u00f6tt, neki\nrugaszkodott, \u00e9s h\u00e1rom kapav\u00e1g\u00e1st csin\u00e1lt a z\u00f6ld f\u00fcv\u00f6n.<\/p>\n\n\n\n<p>A l\u00e1nyok megint odaszaladtak, \u00e9s egy \u00fcveg\npezsg\u0151t adtak \u00e1t a hivatalos szem\u00e9lynek. Az pedig nagy lend\u00fclettel hozz\u00e1v\u00e1gta\naz exkav\u00e1tor kiny\u00fal\u00f3 karj\u00e1hoz.<\/p>\n\n\n\n<p>Az exkav\u00e1torkezel\u0151 arc\u00e1r\u00f3l rosszul titkolt\nsajn\u00e1lkoz\u00e1s t\u00fckr\u00f6z\u0151d\u00f6tt.<\/p>\n\n\n\n<p>Mindenki tapsolt.<\/p>\n\n\n\n<p>Azut\u00e1n az exkav\u00e1tor felz\u00fagott, f\u00e9mfogai belev\u00e1j\u00f3dtak a puha f\u00f6ldbe \u00e9s felszaggatta. Oda g\u00f6rd\u00fclt egy d\u00f6mper, kecsesen megfordulva, meg\u00e1llt az exkav\u00e1tor el\u0151tt \u2013 s az m\u00e1ris sz\u00f3rta bel\u00e9 a fekete f\u00f6ldet.<\/p>\n\n\n\n<p>Mindenki tapsolt.<\/p>\n\n\n\n<p>Az exkav\u00e1tor megint belev\u00e1jta fogait a f\u00f6ldbe,\nmegint f\u0151idet markolt fel \u00e9s a d\u00f6mperbe sz\u00f3rta&#8230;<\/p>\n\n\n\n<p>Az exkav\u00e1tor meg\u00e1llt, kezel\u0151je kisz\u00e1llt a\nf\u00fclk\u00e9b\u0151l, \u00e9s cigarett\u00e1ra gy\u00fajtott. Ekkor a d\u00f6mper az im\u00e9nt ki\u00e1sott f\u00f6ldet\nvisszah\u00e1nyta a g\u00f6d\u00f6rbe. Ezut\u00e1n n\u00e9h\u00e1nyszor el\u0151re-h\u00e1tra g\u00f6rd\u00fclt a terepen, hogy\nsim\u00e1ra d\u00f6ng\u00f6lje a f\u00f6ldet.<\/p>\n\n\n\n<p>\u2013 Gyer\u00fcnk! \u2013 mondta a sof\u0151r az\nexkav\u00e1torkezel\u0151nek. \u2013 Hiszen ma m\u00e9g egy ilyen \u00fcnnep\u00e9lyes kapav\u00e1g\u00e1s v\u00e1r r\u00e1nk&#8230;<\/p>\n\n\n\n<p>Az \u00e9p\u00edtkez\u00e9s term\u00e9szetesen elkezd\u0151d\u00f6tt.<\/p>\n\n\n\n<p>Csakhogy k\u00e9t \u00e9vvel k\u00e9s\u0151bb.<\/p>\n\n\n\n<p>\u00c9s eg\u00e9szen m\u00e1sutt. <\/p>\n","protected":false},"excerpt":{"rendered":"<p>A zene elhallgatott, \u00e9s felcs\u00f6r\u00f6mp\u00f6lt az exkav\u00e1tor. Mindenki tapsolt. K\u00e9t, n\u00e9pviseletbe \u00f6lt\u00f6z\u00f6tt l\u00e1ny ez\u00fcst ed\u00e9nyb\u0151l vizet locsolt a f\u00f6ldre, hogy az \u00e9p\u00edtkez\u00e9s \u00fagy menjen, mint a karikacsap\u00e1s \u2013 \u00e9s min\u00e9l hamar\u00e1bb befejez\u0151dj\u00e9k. A k\u00f6nyvt\u00e1r \u201eVil\u00e1goss\u00e1g\u201d m\u0171kedvel\u0151 egy\u00fcttese n\u00e9pdalokat \u00e9nekelt \u00e9s n\u00e9pi t\u00e1ncokat lejtett. Az \u00e9p\u00edtkez\u00e9s vezet\u0151je ismertette a felaj\u00e1nl\u00e1st: hat\u00e1rid\u0151 el\u0151tt \u00fczembe helyezik az objektumot. &hellip; <\/p>\n<p class=\"link-more\"><a href=\"https:\/\/stanislavstratiev.org\/library\/?page_id=776\" class=\"more-link\">Continue reading<span class=\"screen-reader-text\"> &#8220;Kapav\u00e1g\u00e1s&#8221;<\/span><\/a><\/p>\n","protected":false},"author":2,"featured_media":0,"parent":184,"menu_order":0,"comment_status":"closed","ping_status":"closed","template":"","meta":{"footnotes":""},"class_list":["post-776","page","type-page","status-publish","hentry"],"_links":{"self":[{"href":"https:\/\/stanislavstratiev.org\/library\/index.php?rest_route=\/wp\/v2\/pages\/776","targetHints":{"allow":["GET"]}}],"collection":[{"href":"https:\/\/stanislavstratiev.org\/library\/index.php?rest_route=\/wp\/v2\/pages"}],"about":[{"href":"https:\/\/stanislavstratiev.org\/library\/index.php?rest_route=\/wp\/v2\/types\/page"}],"author":[{"embeddable":true,"href":"https:\/\/stanislavstratiev.org\/library\/index.php?rest_route=\/wp\/v2\/users\/2"}],"replies":[{"embeddable":true,"href":"https:\/\/stanislavstratiev.org\/library\/index.php?rest_route=%2Fwp%2Fv2%2Fcomments&post=776"}],"version-history":[{"count":1,"href":"https:\/\/stanislavstratiev.org\/library\/index.php?rest_route=\/wp\/v2\/pages\/776\/revisions"}],"predecessor-version":[{"id":777,"href":"https:\/\/stanislavstratiev.org\/library\/index.php?rest_route=\/wp\/v2\/pages\/776\/revisions\/777"}],"up":[{"embeddable":true,"href":"https:\/\/stanislavstratiev.org\/library\/index.php?rest_route=\/wp\/v2\/pages\/184"}],"wp:attachment":[{"href":"https:\/\/stanislavstratiev.org\/library\/index.php?rest_route=%2Fwp%2Fv2%2Fmedia&parent=776"}],"curies":[{"name":"wp","href":"https:\/\/api.w.org\/{rel}","templated":true}]}}