{"id":809,"date":"2019-12-28T16:05:48","date_gmt":"2019-12-28T16:05:48","guid":{"rendered":"https:\/\/stanislavstratiev.org\/library\/?page_id=809"},"modified":"2019-12-28T16:15:34","modified_gmt":"2019-12-28T16:15:34","slug":"regulile-de-circulatie","status":"publish","type":"page","link":"https:\/\/stanislavstratiev.org\/library\/?page_id=809","title":{"rendered":"Regulile de circula\u021bie"},"content":{"rendered":"\n<p>La noi nu se respect\u0103 regulile de circula\u021bie.\nBa mai mult, cet\u0103\u021beanul e convins c\u0103 nu e dator s\u0103 le respecte. \u0218i procedeaz\u0103\nconform convingerilor sale. Traverseaz\u0103 pe ro\u0219u, traverseaz\u0103 pe galben \u0219i c\u00e2teodat\u0103\nmai traverseaz\u0103 \u0219i pe verde. Dac\u0103 ar fi unul &#8211; treac\u0103-mearg\u0103 &#8211; dar to\u021bi\ntraverseaz\u0103 a\u0219a. Iar dac\u0103 vei spune cu timiditate c\u0103-i amendezi, vei vedea c\u0103\neste practic imposibil:<\/p>\n\n\n\n<p>Primul scoate legitima\u021bia.<\/p>\n\n\n\n<p>Al doilea \u00ee\u021bi \u0219opte\u0219te ceva la ureche.<\/p>\n\n\n\n<p>Al treilea se dovede\u0219te a fi un coleg.<\/p>\n\n\n\n<p>Al patrulea de fapt nici nu uit\u0103 la tine &#8211; are\nprivirea a\u021bintit\u0103 mult \u00eenainte, undeva \u00een viitor, \u0219i a\u0219a se \u0219i \u00eendep\u0103rteaz\u0103: cu\nm\u00e2inile la spate \u0219i cu privirea spre viitor.<\/p>\n\n\n\n<p>Al cincilea este din provincie; acolo au\nsemafoare, dar nu au circula\u021bie. \u0218i el a fost deprins a\u0219a s\u0103 nu le acorde\naten\u021bie.<\/p>\n\n\n\n<p>Al \u0219aselea nu e pasibil de control.<\/p>\n\n\n\n<p>Al \u0219aptelea este dentistul la care urmezi.\nAltfel a\u0219tep\u021bi trei luni pentru o plomb\u0103.<\/p>\n\n\n\n<p>Al optulea este un renumit fotbalist \u0219i, \u00een\nconsecin\u021b\u0103, cu grad mai mare dec\u00e2t tine.<\/p>\n\n\n\n<p>Al nou\u0103lea este militar. Ei dau socoteal\u0103\ncelor de la armat\u0103.<\/p>\n\n\n\n<p>Al zecelea este minor. O s\u0103 se \u00eendrepte c\u00e2nd o\ns\u0103-i albeasc\u0103 p\u0103rul.<\/p>\n\n\n\n<p>Al unsprezecelea este profesorul fiului t\u0103u.\nToat\u0103 lumea \u0219tie cum se candideaz\u0103 ast\u0103zi la universitate. Un singur cinci dac\u0103\nai pe diplom\u0103 &#8211; s-a zis!<\/p>\n\n\n\n<p>Al doisprezecelea este activist ob\u0219tesc.<\/p>\n\n\n\n<p>Al treisprezecelea este fatal.<\/p>\n\n\n\n<p>Al patrusprezecelea este prezentatorul de la  \u201eAlbumul duminical\u201c .<\/p>\n\n\n\n<p>Al cincisprezecelea este c\u0103s\u0103torit cu o\ncet\u0103\u021beanc\u0103 str\u0103in\u0103.<\/p>\n\n\n\n<p>Al \u0219aisprezecelea este de la tine din sat.<\/p>\n\n\n\n<p>Al \u0219aptesprezecelea \u00ee\u021bi dovede\u0219te c\u0103 este\nprietenul \u0219efului t\u0103u.<\/p>\n\n\n\n<p>Al optsprezecelea are un bile\u021bel.<\/p>\n\n\n\n<p>Al nou\u0103sprezecelea este instalator. Ace\u0219tia s\u00e2nt\npe cale de dispari\u021bie \u0219i v\u00e2narea lor este interzis\u0103.<\/p>\n\n\n\n<p>Al dou\u0103zecilea este o femeie. Dar ce femeie!\nSut\u0103 la sut\u0103!&#8230;<\/p>\n\n\n\n<p>Mai r\u0103m\u00e2ne doar unul &#8211; al dou\u0103zeci\u0219iunulea.\nEste un cet\u0103\u021bean obi\u0219nuit care \u00ee\u0219i a\u0219teapt\u0103 docil soarta. Lui po\u021bi s\u0103-i tr\u00e2nte\u0219ti\no amend\u0103 ca s\u0103 \u021bin\u0103 minte c\u00e2nd a \u00eenc\u0103lcat regulile de circula\u021bie rutier\u0103. \u0218i \u00eei\n\u0219i tr\u00e2nte\u0219ti.<\/p>\n\n\n\n<p>O pl\u0103te\u0219te \u0219i sur\u00e2de; pentru tine \u00eent\u00e2mplarea\ndevine penibil\u0103 \u0219i-i spui c\u0103 regulile s\u00e2nt f\u0103cute ca s\u0103 fie respectate, c\u0103\ntrebuie s\u0103 se respecte regulile.<\/p>\n\n\n\n<p>\u2015 De bun\u0103 seam\u0103 &#8211; zice el. Azi am s\u0103 le\nrespect. Mi-am uitat legitima\u021bia acas\u0103.<\/p>\n\n\n\n<p>Dumnealui pleac\u0103 iar tu continui s\u0103\nsupraveghezi circula\u021bia. Totu\u0219i, \u00eentr-o astfel de situa\u021bie, la ce fel de\ncircula\u021bie ne putem a\u0219tepta?<\/p>\n","protected":false},"excerpt":{"rendered":"<p>La noi nu se respect\u0103 regulile de circula\u021bie. Ba mai mult, cet\u0103\u021beanul e convins c\u0103 nu e dator s\u0103 le respecte. \u0218i procedeaz\u0103 conform convingerilor sale. Traverseaz\u0103 pe ro\u0219u, traverseaz\u0103 pe galben \u0219i c\u00e2teodat\u0103 mai traverseaz\u0103 \u0219i pe verde. Dac\u0103 ar fi unul &#8211; treac\u0103-mearg\u0103 &#8211; dar to\u021bi traverseaz\u0103 a\u0219a. Iar dac\u0103 vei spune cu &hellip; <\/p>\n<p class=\"link-more\"><a href=\"https:\/\/stanislavstratiev.org\/library\/?page_id=809\" class=\"more-link\">Continue reading<span class=\"screen-reader-text\"> &#8220;Regulile de circula\u021bie&#8221;<\/span><\/a><\/p>\n","protected":false},"author":2,"featured_media":0,"parent":445,"menu_order":0,"comment_status":"closed","ping_status":"closed","template":"","meta":{"footnotes":""},"class_list":["post-809","page","type-page","status-publish","hentry"],"_links":{"self":[{"href":"https:\/\/stanislavstratiev.org\/library\/index.php?rest_route=\/wp\/v2\/pages\/809","targetHints":{"allow":["GET"]}}],"collection":[{"href":"https:\/\/stanislavstratiev.org\/library\/index.php?rest_route=\/wp\/v2\/pages"}],"about":[{"href":"https:\/\/stanislavstratiev.org\/library\/index.php?rest_route=\/wp\/v2\/types\/page"}],"author":[{"embeddable":true,"href":"https:\/\/stanislavstratiev.org\/library\/index.php?rest_route=\/wp\/v2\/users\/2"}],"replies":[{"embeddable":true,"href":"https:\/\/stanislavstratiev.org\/library\/index.php?rest_route=%2Fwp%2Fv2%2Fcomments&post=809"}],"version-history":[{"count":3,"href":"https:\/\/stanislavstratiev.org\/library\/index.php?rest_route=\/wp\/v2\/pages\/809\/revisions"}],"predecessor-version":[{"id":814,"href":"https:\/\/stanislavstratiev.org\/library\/index.php?rest_route=\/wp\/v2\/pages\/809\/revisions\/814"}],"up":[{"embeddable":true,"href":"https:\/\/stanislavstratiev.org\/library\/index.php?rest_route=\/wp\/v2\/pages\/445"}],"wp:attachment":[{"href":"https:\/\/stanislavstratiev.org\/library\/index.php?rest_route=%2Fwp%2Fv2%2Fmedia&parent=809"}],"curies":[{"name":"wp","href":"https:\/\/api.w.org\/{rel}","templated":true}]}}